{"id":812,"date":"2025-05-05T15:23:50","date_gmt":"2025-05-05T13:23:50","guid":{"rendered":"https:\/\/www.lalisse.it\/reservez\/"},"modified":"2025-11-22T22:53:03","modified_gmt":"2025-11-22T21:53:03","slug":"reservez","status":"publish","type":"page","link":"https:\/\/www.lalisse.it\/fr\/reservez\/","title":{"rendered":"R\u00e9servez"},"content":{"rendered":"<p>[et_pb_section fb_built=&#8221;1&#8243; fullwidth=&#8221;on&#8221; _builder_version=&#8221;4.27.4&#8243; _module_preset=&#8221;default&#8221; background_image=&#8221;https:\/\/www.lalisse.it\/wp-content\/uploads\/2025\/05\/la-lisse-prenota-1.jpg&#8221; global_colors_info=&#8221;{}&#8221;][et_pb_fullwidth_header title=&#8221;R\u00e9servez&#8221; text_orientation=&#8221;center&#8221; header_fullscreen=&#8221;on&#8221; _builder_version=&#8221;4.27.4&#8243; _module_preset=&#8221;default&#8221; background_enable_color=&#8221;off&#8221; use_background_color_gradient=&#8221;on&#8221; background_color_gradient_type=&#8221;circular&#8221; background_color_gradient_stops=&#8221;rgba(17,17,17,0.35) 0%|rgba(41,196,169,0) 50%&#8221; custom_padding=&#8221;|21px||||&#8221; animation_style=&#8221;fade&#8221; animation_duration=&#8221;2000ms&#8221; animation_delay=&#8221;500ms&#8221; custom_css_title=&#8221;border-bottom: 1px solid #ffffff;||margin-bottom: 10px;&#8221; global_colors_info=&#8221;{}&#8221;]<\/p>\n<h3 style=\"text-align: center;\">Verrouillez votre table maintenant<\/h3>\n<p>[\/et_pb_fullwidth_header][\/et_pb_section][et_pb_section fb_built=&#8221;1&#8243; custom_padding_last_edited=&#8221;on|tablet&#8221; _builder_version=&#8221;4.27.4&#8243; z_index=&#8221;1&#8243; custom_padding=&#8221;60px||0px||false|&#8221; custom_padding_tablet=&#8221;60px||||false|false&#8221; custom_padding_phone=&#8221;60px||||false|false&#8221; global_colors_info=&#8221;{}&#8221;][et_pb_row column_structure=&#8221;2_5,3_5&#8243; use_custom_gutter=&#8221;on&#8221; gutter_width=&#8221;1&#8243; make_equal=&#8221;on&#8221; _builder_version=&#8221;4.27.4&#8243; _module_preset=&#8221;default&#8221; z_index=&#8221;1&#8243; width=&#8221;100%&#8221; max_width=&#8221;2560px&#8221; custom_padding=&#8221;0px||0px||true|&#8221; global_colors_info=&#8221;{}&#8221;][et_pb_column type=&#8221;2_5&#8243; _builder_version=&#8221;4.27.4&#8243; _module_preset=&#8221;default&#8221; background_image=&#8221;https:\/\/www.lalisse.it\/wp-content\/uploads\/2025\/05\/la-lisse-prenota-3.jpg&#8221; custom_padding=&#8221;160px||160px||true|false&#8221; sticky_position=&#8221;top&#8221; sticky_limit_bottom=&#8221;section&#8221; scroll_vertical_motion=&#8221;0|50|50|100|1|0|-1&#8243; scroll_horizontal_motion=&#8221;0|50|50|100|2|0|0&#8243; sticky_position_tablet=&#8221;none&#8221; sticky_position_phone=&#8221;none&#8221; sticky_position_last_edited=&#8221;on|tablet&#8221; scroll_horizontal_motion_tablet=&#8221;0|50|50|100|0|0|0&#8243; scroll_horizontal_motion_phone=&#8221;0|50|50|100|0|0|0&#8243; scroll_horizontal_motion_last_edited=&#8221;on|tablet&#8221; global_colors_info=&#8221;{}&#8221;][et_pb_divider show_divider=&#8221;off&#8221; _builder_version=&#8221;4.27.4&#8243; _module_preset=&#8221;default&#8221; global_colors_info=&#8221;{}&#8221;][\/et_pb_divider][\/et_pb_column][et_pb_column type=&#8221;3_5&#8243; _builder_version=&#8221;4.27.4&#8243; _module_preset=&#8221;default&#8221; background_color=&#8221;#FFFFFF&#8221; custom_padding=&#8221;200px|60px|200px|60px|true|true&#8221; custom_padding_tablet=&#8221;60px|35px|60px|35px|true|true&#8221; custom_padding_phone=&#8221;60px|35px|60px|35px|true|true&#8221; custom_padding_last_edited=&#8221;on|tablet&#8221; global_colors_info=&#8221;{}&#8221;][et_pb_text _builder_version=&#8221;4.27.4&#8243; _module_preset=&#8221;default&#8221; max_width=&#8221;300px&#8221; module_alignment=&#8221;left&#8221; global_colors_info=&#8221;{}&#8221;]<\/p>\n<h3 style=\"text-align: left;\">Contactez-nous maintenant<\/h3>\n<p>[\/et_pb_text][et_pb_divider color=&#8221;#cccccc&#8221; _builder_version=&#8221;4.27.4&#8243; _module_preset=&#8221;default&#8221; max_width=&#8221;100px&#8221; module_alignment=&#8221;left&#8221; global_colors_info=&#8221;{}&#8221;][\/et_pb_divider][et_pb_text _builder_version=&#8221;4.27.4&#8243; custom_margin=&#8221;||30px||false|false&#8221; animation_style=&#8221;slide&#8221; animation_direction=&#8221;right&#8221; animation_intensity_slide=&#8221;5%&#8221; global_colors_info=&#8221;{}&#8221;]<\/p>\n<h2 style=\"text-align: left;\">V\u00e9rifier la disponibilit\u00e9<\/h2>\n<p>[\/et_pb_text][et_pb_text _builder_version=&#8221;4.27.4&#8243; _module_preset=&#8221;default&#8221; max_width=&#8221;440px&#8221; module_alignment=&#8221;left&#8221; custom_margin=&#8221;||||false|false&#8221; hover_enabled=&#8221;0&#8243; global_colors_info=&#8221;{}&#8221; sticky_enabled=&#8221;0&#8243;]Pour les r\u00e9servations de derni\u00e8re minute, appelez-nous au +39 0165 88 41 67.<br \/>\nPour les r\u00e9servations de plus de 8 clients, veuillez nous contacter directement par email au <a href=\"mailto:ristorante@lalisse.it\">ristorante@lalisse.it<\/a><br \/>\nNous ne pouvons pas accueillir les groupes de plus de 10 personnes.[\/et_pb_text][et_pb_button button_url=&#8221;https:\/\/lalisse.plateform.app\/&#8221; url_new_window=&#8221;on&#8221; button_text=&#8221;R\u00e9servez&#8221; button_alignment=&#8221;left&#8221; _builder_version=&#8221;4.27.4&#8243; _module_preset=&#8221;default&#8221; custom_margin=&#8221;60px||||false|false&#8221; locked=&#8221;off&#8221; global_colors_info=&#8221;{}&#8221;][\/et_pb_button][\/et_pb_column][\/et_pb_row][et_pb_row column_structure=&#8221;2_5,3_5&#8243; use_custom_gutter=&#8221;on&#8221; gutter_width=&#8221;1&#8243; make_equal=&#8221;on&#8221; _builder_version=&#8221;4.27.4&#8243; _module_preset=&#8221;default&#8221; z_index=&#8221;2&#8243; width=&#8221;100%&#8221; max_width=&#8221;2560px&#8221; module_alignment=&#8221;center&#8221; custom_padding=&#8221;0px||0px||true|&#8221; global_colors_info=&#8221;{}&#8221;][et_pb_column type=&#8221;2_5&#8243; _builder_version=&#8221;4.27.4&#8243; _module_preset=&#8221;default&#8221; background_color=&#8221;#d9d1b8&#8243; custom_padding=&#8221;200px|60px|200px|60px|true|true&#8221; custom_padding_tablet=&#8221;60px|35px|60px|35px|true|true&#8221; custom_padding_phone=&#8221;60px|35px|60px|35px|true|true&#8221; custom_padding_last_edited=&#8221;on|tablet&#8221; global_colors_info=&#8221;{}&#8221;][et_pb_text _builder_version=&#8221;4.27.4&#8243; _module_preset=&#8221;default&#8221; max_width=&#8221;300px&#8221; module_alignment=&#8221;right&#8221; global_colors_info=&#8221;{}&#8221;]<\/p>\n<h3 style=\"text-align: right;\">Appelez-nous par t\u00e9l\u00e9phone<\/h3>\n<p>[\/et_pb_text][et_pb_divider color=&#8221;#aaa491&#8243; _builder_version=&#8221;4.27.4&#8243; _module_preset=&#8221;default&#8221; max_width=&#8221;100px&#8221; module_alignment=&#8221;right&#8221; global_colors_info=&#8221;{}&#8221;][\/et_pb_divider][et_pb_text _builder_version=&#8221;4.27.4&#8243; custom_margin=&#8221;||30px||false|false&#8221; animation_style=&#8221;slide&#8221; animation_direction=&#8221;left&#8221; animation_intensity_slide=&#8221;5%&#8221; global_colors_info=&#8221;{}&#8221;]<\/p>\n<h2 style=\"text-align: right;\">L&#8217;arriv\u00e9e<br \/>au restaurant<\/h2>\n<p>[\/et_pb_text][et_pb_text _builder_version=&#8221;4.27.4&#8243; _module_preset=&#8221;default&#8221; max_width=&#8221;450px&#8221; module_alignment=&#8221;right&#8221; custom_margin=&#8221;||60px||false|false&#8221; global_colors_info=&#8221;{}&#8221;]<\/p>\n<p style=\"text-align: right;\">Veuillez nous informer de tout retard et contactez-nous d\u00e8s que possibile au +39 0165 88 41 67.<\/p>\n<p><\/p>\n<p style=\"text-align: right;\">Des appels peuvent \u00eatre effectu\u00e9s; si le client n\u2019est pas disponible ou n\u2019a pas r\u00e9pondu, la r\u00e9servation est valable jusqu\u2019\u00e0 10 minutes apr\u00e8s l\u2019heure r\u00e9serv\u00e9e. Apr\u00e8s 10 minutes de retard sans pr\u00e9avis, nous nous r\u00e9servons le droit d\u2019annuler la r\u00e9servation avec application de la caution et la table sera r\u00e9plac\u00e9e.<\/p>\n<p>[\/et_pb_text][et_pb_button button_url=&#8221;@ET-DC@eyJkeW5hbWljIjp0cnVlLCJjb250ZW50IjoicG9zdF9saW5rX3VybF9hdHRhY2htZW50Iiwic2V0dGluZ3MiOnsicG9zdF9pZCI6IjYyNCJ9fQ==@&#8221; url_new_window=&#8221;on&#8221; button_text=&#8221;T\u00e9l\u00e9chargez le menu&#8221; button_alignment=&#8221;right&#8221; _builder_version=&#8221;4.27.4&#8243; _dynamic_attributes=&#8221;button_url&#8221; _module_preset=&#8221;default&#8221; custom_button=&#8221;on&#8221; button_text_color=&#8221;#372819&#8243; button_bg_color=&#8221;RGBA(255,255,255,0)&#8221; button_border_color=&#8221;#372819&#8243; button_use_icon=&#8221;off&#8221; global_colors_info=&#8221;{}&#8221;][\/et_pb_button][\/et_pb_column][et_pb_column type=&#8221;3_5&#8243; _builder_version=&#8221;4.27.4&#8243; _module_preset=&#8221;default&#8221; background_image=&#8221;https:\/\/www.lalisse.it\/wp-content\/uploads\/2025\/05\/la-lisse-prenota-2.jpg&#8221; custom_padding=&#8221;120px||120px||true|false&#8221; sticky_position=&#8221;top&#8221; sticky_limit_bottom=&#8221;row&#8221; scroll_vertical_motion=&#8221;0|50|50|100|1|0|-1&#8243; scroll_horizontal_motion=&#8221;0|50|50|100|2|0|0&#8243; scroll_horizontal_motion_tablet=&#8221;0|50|50|100|0|0|0&#8243; scroll_horizontal_motion_phone=&#8221;0|50|50|100|0|0|0&#8243; scroll_horizontal_motion_last_edited=&#8221;on|tablet&#8221; global_colors_info=&#8221;{}&#8221;][et_pb_divider show_divider=&#8221;off&#8221; _builder_version=&#8221;4.27.4&#8243; _module_preset=&#8221;default&#8221; global_colors_info=&#8221;{}&#8221;][\/et_pb_divider][\/et_pb_column][\/et_pb_row][\/et_pb_section][et_pb_section fb_built=&#8221;1&#8243; _builder_version=&#8221;4.27.4&#8243; _module_preset=&#8221;default&#8221; custom_padding=&#8221;60px||100px||false|false&#8221; global_colors_info=&#8221;{}&#8221;][et_pb_row column_structure=&#8221;1_3,1_3,1_3&#8243; use_custom_gutter=&#8221;on&#8221; gutter_width=&#8221;2&#8243; make_equal=&#8221;on&#8221; _builder_version=&#8221;4.27.4&#8243; _module_preset=&#8221;default&#8221; custom_padding=&#8221;0px||0px||true|&#8221; global_colors_info=&#8221;{}&#8221;][et_pb_column type=&#8221;1_3&#8243; _builder_version=&#8221;4.27.4&#8243; _module_preset=&#8221;default&#8221; global_colors_info=&#8221;{}&#8221;][et_pb_toggle title=&#8221;Animaux de compagnie&#8221; icon_color=&#8221;#F0973B&#8221; _builder_version=&#8221;4.27.4&#8243; _module_preset=&#8221;default&#8221; title_level=&#8221;h4&#8243; background_color=&#8221;#FFFFFF&#8221; custom_padding=&#8221;12px||12px||true|false&#8221; global_colors_info=&#8221;{}&#8221;]<\/p>\n<p>Pour des raisons d\u2019espace, veuillez signaler leur pr\u00e9sence dans le champ des commentaires au moment de la r\u00e9servation; car nous acceptons un nombre limit\u00e9.<\/p>\n<p>[\/et_pb_toggle][\/et_pb_column][et_pb_column type=&#8221;1_3&#8243; _builder_version=&#8221;4.27.4&#8243; _module_preset=&#8221;default&#8221; global_colors_info=&#8221;{}&#8221;][et_pb_toggle title=&#8221;Choix plat typique (Exp\u00e9rience)&#8221; icon_color=&#8221;#F0973B&#8221; _builder_version=&#8221;4.27.4&#8243; _module_preset=&#8221;default&#8221; title_level=&#8221;h4&#8243; background_color=&#8221;#FFFFFF&#8221; custom_padding=&#8221;12px||12px||true|false&#8221; global_colors_info=&#8221;{}&#8221;]<\/p>\n<p>Pour vous garantir un service optimal, tous nos plats signatures n\u00e9cessitent une r\u00e9servation \u00e0 l&#8217;avance, pour un minimum de deux personnes. Chaque plat signature est limit\u00e9 en nombre et en heure de commande chaque jour (avant 11h30 pour le d\u00e9jeuner et 15h45 pour le d\u00eener, au plus tard), apr\u00e8s quoi il ne sera plus possible de le commander.<\/p>\n<p><\/p>\n<p>Veuillez nous informer de toute modification de votre plat au moment de la r\u00e9servation.<\/p>\n<p>[\/et_pb_toggle][\/et_pb_column][et_pb_column type=&#8221;1_3&#8243; _builder_version=&#8221;4.27.4&#8243; _module_preset=&#8221;default&#8221; global_colors_info=&#8221;{}&#8221;][et_pb_toggle title=&#8221;Demandes sp\u00e9ciales&#8221; icon_color=&#8221;#F0973B&#8221; _builder_version=&#8221;4.27.4&#8243; _module_preset=&#8221;default&#8221; title_level=&#8221;h4&#8243; background_color=&#8221;#FFFFFF&#8221; custom_padding=&#8221;12px||12px||true|false&#8221; global_colors_info=&#8221;{}&#8221;]<\/p>\n<p>Toutes demandes sp\u00e9ciales doivent \u00eatre signal\u00e9es dans le champ des commentaires au moment de la r\u00e9servation.<\/p>\n<p>[\/et_pb_toggle][\/et_pb_column][\/et_pb_row][\/et_pb_section]<\/p>\n","protected":false},"excerpt":{"rendered":"<p>Verrouillez votre table maintenantContactez-nous maintenantV\u00e9rifier la disponibilit\u00e9Pour les r\u00e9servations de derni\u00e8re minute, appelez-nous au +39 0165 88 41 67. Pour les r\u00e9servations de plus de 8 clients, veuillez nous contacter directement par email au ristorante@lalisse.it Nous ne pouvons pas accueillir les groupes de plus de 10 personnes.Appelez-nous par t\u00e9l\u00e9phoneL&#8217;arriv\u00e9eau restaurantVeuillez nous informer de tout retard [&hellip;]<\/p>\n","protected":false},"author":1,"featured_media":0,"parent":0,"menu_order":0,"comment_status":"closed","ping_status":"closed","template":"","meta":{"_et_pb_use_builder":"on","_et_pb_old_content":"","_et_gb_content_width":"","footnotes":""},"class_list":["post-812","page","type-page","status-publish","hentry"],"yoast_head":"<!-- This site is optimized with the Yoast SEO plugin v27.3 - https:\/\/yoast.com\/product\/yoast-seo-wordpress\/ -->\n<title>Prenotazioni | La Lisse | Ristorante La Thuile<\/title>\n<meta name=\"description\" content=\"Per prenotazioni last minute, chiamaci al o prenota online tramite il nostro portale dedicato\" \/>\n<meta name=\"robots\" content=\"index, follow, max-snippet:-1, max-image-preview:large, max-video-preview:-1\" \/>\n<link rel=\"canonical\" href=\"https:\/\/www.lalisse.it\/fr\/reservez\/\" \/>\n<meta property=\"og:locale\" content=\"fr_FR\" \/>\n<meta property=\"og:type\" content=\"article\" \/>\n<meta property=\"og:title\" content=\"Prenotazioni | La Lisse | Ristorante La Thuile\" \/>\n<meta property=\"og:description\" content=\"Per prenotazioni last minute, chiamaci al o prenota online tramite il nostro portale dedicato\" \/>\n<meta property=\"og:url\" content=\"https:\/\/www.lalisse.it\/fr\/reservez\/\" \/>\n<meta property=\"og:site_name\" content=\"La Lisse\" \/>\n<meta property=\"article:modified_time\" content=\"2025-11-22T21:53:03+00:00\" \/>\n<meta name=\"twitter:card\" content=\"summary_large_image\" \/>\n<meta name=\"twitter:label1\" content=\"Dur\u00e9e de lecture estim\u00e9e\" \/>\n\t<meta name=\"twitter:data1\" content=\"6 minutes\" \/>\n<script type=\"application\/ld+json\" class=\"yoast-schema-graph\">{\"@context\":\"https:\\\/\\\/schema.org\",\"@graph\":[{\"@type\":\"WebPage\",\"@id\":\"https:\\\/\\\/www.lalisse.it\\\/fr\\\/reservez\\\/\",\"url\":\"https:\\\/\\\/www.lalisse.it\\\/fr\\\/reservez\\\/\",\"name\":\"Prenotazioni | La Lisse | Ristorante La Thuile\",\"isPartOf\":{\"@id\":\"https:\\\/\\\/www.lalisse.it\\\/fr\\\/#website\"},\"datePublished\":\"2025-05-05T13:23:50+00:00\",\"dateModified\":\"2025-11-22T21:53:03+00:00\",\"description\":\"Per prenotazioni last minute, chiamaci al o prenota online tramite il nostro portale dedicato\",\"breadcrumb\":{\"@id\":\"https:\\\/\\\/www.lalisse.it\\\/fr\\\/reservez\\\/#breadcrumb\"},\"inLanguage\":\"fr-FR\",\"potentialAction\":[{\"@type\":\"ReadAction\",\"target\":[\"https:\\\/\\\/www.lalisse.it\\\/fr\\\/reservez\\\/\"]}]},{\"@type\":\"BreadcrumbList\",\"@id\":\"https:\\\/\\\/www.lalisse.it\\\/fr\\\/reservez\\\/#breadcrumb\",\"itemListElement\":[{\"@type\":\"ListItem\",\"position\":1,\"name\":\"Home\",\"item\":\"https:\\\/\\\/www.lalisse.it\\\/fr\\\/\"},{\"@type\":\"ListItem\",\"position\":2,\"name\":\"R\u00e9servez\"}]},{\"@type\":\"WebSite\",\"@id\":\"https:\\\/\\\/www.lalisse.it\\\/fr\\\/#website\",\"url\":\"https:\\\/\\\/www.lalisse.it\\\/fr\\\/\",\"name\":\"La Lisse\",\"description\":\"Ristorante La Thuile\",\"potentialAction\":[{\"@type\":\"SearchAction\",\"target\":{\"@type\":\"EntryPoint\",\"urlTemplate\":\"https:\\\/\\\/www.lalisse.it\\\/fr\\\/?s={search_term_string}\"},\"query-input\":{\"@type\":\"PropertyValueSpecification\",\"valueRequired\":true,\"valueName\":\"search_term_string\"}}],\"inLanguage\":\"fr-FR\"}]}<\/script>\n<!-- \/ Yoast SEO plugin. -->","yoast_head_json":{"title":"Prenotazioni | La Lisse | Ristorante La Thuile","description":"Per prenotazioni last minute, chiamaci al o prenota online tramite il nostro portale dedicato","robots":{"index":"index","follow":"follow","max-snippet":"max-snippet:-1","max-image-preview":"max-image-preview:large","max-video-preview":"max-video-preview:-1"},"canonical":"https:\/\/www.lalisse.it\/fr\/reservez\/","og_locale":"fr_FR","og_type":"article","og_title":"Prenotazioni | La Lisse | Ristorante La Thuile","og_description":"Per prenotazioni last minute, chiamaci al o prenota online tramite il nostro portale dedicato","og_url":"https:\/\/www.lalisse.it\/fr\/reservez\/","og_site_name":"La Lisse","article_modified_time":"2025-11-22T21:53:03+00:00","twitter_card":"summary_large_image","twitter_misc":{"Dur\u00e9e de lecture estim\u00e9e":"6 minutes"},"schema":{"@context":"https:\/\/schema.org","@graph":[{"@type":"WebPage","@id":"https:\/\/www.lalisse.it\/fr\/reservez\/","url":"https:\/\/www.lalisse.it\/fr\/reservez\/","name":"Prenotazioni | La Lisse | Ristorante La Thuile","isPartOf":{"@id":"https:\/\/www.lalisse.it\/fr\/#website"},"datePublished":"2025-05-05T13:23:50+00:00","dateModified":"2025-11-22T21:53:03+00:00","description":"Per prenotazioni last minute, chiamaci al o prenota online tramite il nostro portale dedicato","breadcrumb":{"@id":"https:\/\/www.lalisse.it\/fr\/reservez\/#breadcrumb"},"inLanguage":"fr-FR","potentialAction":[{"@type":"ReadAction","target":["https:\/\/www.lalisse.it\/fr\/reservez\/"]}]},{"@type":"BreadcrumbList","@id":"https:\/\/www.lalisse.it\/fr\/reservez\/#breadcrumb","itemListElement":[{"@type":"ListItem","position":1,"name":"Home","item":"https:\/\/www.lalisse.it\/fr\/"},{"@type":"ListItem","position":2,"name":"R\u00e9servez"}]},{"@type":"WebSite","@id":"https:\/\/www.lalisse.it\/fr\/#website","url":"https:\/\/www.lalisse.it\/fr\/","name":"La Lisse","description":"Ristorante La Thuile","potentialAction":[{"@type":"SearchAction","target":{"@type":"EntryPoint","urlTemplate":"https:\/\/www.lalisse.it\/fr\/?s={search_term_string}"},"query-input":{"@type":"PropertyValueSpecification","valueRequired":true,"valueName":"search_term_string"}}],"inLanguage":"fr-FR"}]}},"_links":{"self":[{"href":"https:\/\/www.lalisse.it\/fr\/wp-json\/wp\/v2\/pages\/812","targetHints":{"allow":["GET"]}}],"collection":[{"href":"https:\/\/www.lalisse.it\/fr\/wp-json\/wp\/v2\/pages"}],"about":[{"href":"https:\/\/www.lalisse.it\/fr\/wp-json\/wp\/v2\/types\/page"}],"author":[{"embeddable":true,"href":"https:\/\/www.lalisse.it\/fr\/wp-json\/wp\/v2\/users\/1"}],"replies":[{"embeddable":true,"href":"https:\/\/www.lalisse.it\/fr\/wp-json\/wp\/v2\/comments?post=812"}],"version-history":[{"count":5,"href":"https:\/\/www.lalisse.it\/fr\/wp-json\/wp\/v2\/pages\/812\/revisions"}],"predecessor-version":[{"id":891,"href":"https:\/\/www.lalisse.it\/fr\/wp-json\/wp\/v2\/pages\/812\/revisions\/891"}],"wp:attachment":[{"href":"https:\/\/www.lalisse.it\/fr\/wp-json\/wp\/v2\/media?parent=812"}],"curies":[{"name":"wp","href":"https:\/\/api.w.org\/{rel}","templated":true}]}}